{"id":698,"date":"2026-02-13T12:44:25","date_gmt":"2026-02-13T11:44:25","guid":{"rendered":"https:\/\/kalimera.live\/?post_type=product&#038;p=698"},"modified":"2026-03-30T14:29:16","modified_gmt":"2026-03-30T12:29:16","slug":"miod-pomaranczowy","status":"publish","type":"product","link":"https:\/\/kalimera.com.pl\/oliwa\/produkt\/miod-pomaranczowy\/","title":{"rendered":"Mi\u00f3d pomara\u0144czowy"},"content":{"rendered":"<p>Odrobina s\u0142o\u0144ca zamkni\u0119ta w s\u0142oiku, pachn\u0105ca kwiatami pomara\u0144czy. Doskona\u0142y do ciep\u0142ego mleka, do pieczywa, do wypiek\u00f3w i pieczeni. Ma barw\u0119 jasno-herbacian\u0105, jest \u0142agodny i przyjemny w smaku.<\/p>\n<p>450g<\/p>\n","protected":false},"excerpt":{"rendered":"<p>Odrobina s\u0142o\u0144ca zamkni\u0119ta w s\u0142oiku, pachn\u0105ca kwiatami pomara\u0144czy. Doskona\u0142y do ciep\u0142ego mleka, do pieczywa, do wypiek\u00f3w i pieczeni. Ma barw\u0119 jasno-herbacian\u0105, jest \u0142agodny i przyjemny w smaku. 450g<\/p>\n","protected":false},"featured_media":733,"comment_status":"closed","ping_status":"closed","template":"","meta":[],"product_brand":[],"product_cat":[39],"product_tag":[],"class_list":{"0":"post-698","1":"product","2":"type-product","3":"status-publish","4":"has-post-thumbnail","6":"product_cat-inne","8":"first","9":"instock","10":"taxable","11":"shipping-taxable","12":"purchasable","13":"product-type-simple"},"jetpack_sharing_enabled":true,"_links":{"self":[{"href":"https:\/\/kalimera.com.pl\/oliwa\/wp-json\/wp\/v2\/product\/698","targetHints":{"allow":["GET"]}}],"collection":[{"href":"https:\/\/kalimera.com.pl\/oliwa\/wp-json\/wp\/v2\/product"}],"about":[{"href":"https:\/\/kalimera.com.pl\/oliwa\/wp-json\/wp\/v2\/types\/product"}],"replies":[{"embeddable":true,"href":"https:\/\/kalimera.com.pl\/oliwa\/wp-json\/wp\/v2\/comments?post=698"}],"wp:featuredmedia":[{"embeddable":true,"href":"https:\/\/kalimera.com.pl\/oliwa\/wp-json\/wp\/v2\/media\/733"}],"wp:attachment":[{"href":"https:\/\/kalimera.com.pl\/oliwa\/wp-json\/wp\/v2\/media?parent=698"}],"wp:term":[{"taxonomy":"product_brand","embeddable":true,"href":"https:\/\/kalimera.com.pl\/oliwa\/wp-json\/wp\/v2\/product_brand?post=698"},{"taxonomy":"product_cat","embeddable":true,"href":"https:\/\/kalimera.com.pl\/oliwa\/wp-json\/wp\/v2\/product_cat?post=698"},{"taxonomy":"product_tag","embeddable":true,"href":"https:\/\/kalimera.com.pl\/oliwa\/wp-json\/wp\/v2\/product_tag?post=698"}],"curies":[{"name":"wp","href":"https:\/\/api.w.org\/{rel}","templated":true}]}}